{"id":13,"date":"2024-09-10T13:52:01","date_gmt":"2024-09-10T16:52:01","guid":{"rendered":"https:\/\/graficamello.com.br\/?page_id=13"},"modified":"2024-09-11T10:48:55","modified_gmt":"2024-09-11T13:48:55","slug":"elementor-13","status":"publish","type":"page","link":"https:\/\/graficamello.com.br\/","title":{"rendered":"Manuten\u00e7\u00e3o"},"content":{"rendered":"\t\t<div data-elementor-type=\"wp-page\" data-elementor-id=\"13\" class=\"elementor elementor-13\" data-elementor-post-type=\"page\">\n\t\t\t\t<div class=\"elementor-element elementor-element-7aed6ae e-con-full e-flex wpr-particle-no wpr-jarallax-no wpr-parallax-no wpr-sticky-section-no e-con e-parent\" data-id=\"7aed6ae\" data-element_type=\"container\" data-e-type=\"container\">\n\t\t\t\t<div class=\"elementor-element elementor-element-16057ab elementor-widget elementor-widget-image\" data-id=\"16057ab\" data-element_type=\"widget\" data-e-type=\"widget\" data-widget_type=\"image.default\">\n\t\t\t\t<div class=\"elementor-widget-container\">\n\t\t\t\t\t\t\t\t\t\t\t\t\t\t\t<img fetchpriority=\"high\" decoding=\"async\" width=\"2560\" height=\"252\" src=\"https:\/\/graficamello.com.br\/wp-content\/uploads\/2024\/09\/background-scaled.jpg\" class=\"attachment-full size-full wp-image-15\" alt=\"\" srcset=\"https:\/\/graficamello.com.br\/wp-content\/uploads\/2024\/09\/background-scaled.jpg 2560w, https:\/\/graficamello.com.br\/wp-content\/uploads\/2024\/09\/background-300x30.jpg 300w, https:\/\/graficamello.com.br\/wp-content\/uploads\/2024\/09\/background-1024x101.jpg 1024w, https:\/\/graficamello.com.br\/wp-content\/uploads\/2024\/09\/background-768x76.jpg 768w, https:\/\/graficamello.com.br\/wp-content\/uploads\/2024\/09\/background-1536x151.jpg 1536w, https:\/\/graficamello.com.br\/wp-content\/uploads\/2024\/09\/background-2048x201.jpg 2048w\" sizes=\"(max-width: 2560px) 100vw, 2560px\" \/>\t\t\t\t\t\t\t\t\t\t\t\t\t\t\t<\/div>\n\t\t\t\t<\/div>\n\t\t\t\t<\/div>\n\t\t<div class=\"elementor-element elementor-element-7b81d76 e-con-full e-flex wpr-particle-no wpr-jarallax-no wpr-parallax-no wpr-sticky-section-no e-con e-parent\" data-id=\"7b81d76\" data-element_type=\"container\" data-e-type=\"container\">\n\t\t\t\t<div class=\"elementor-element elementor-element-9fe23f0 elementor-widget elementor-widget-image\" data-id=\"9fe23f0\" data-element_type=\"widget\" data-e-type=\"widget\" data-widget_type=\"image.default\">\n\t\t\t\t<div class=\"elementor-widget-container\">\n\t\t\t\t\t\t\t\t\t\t\t\t\t\t\t<img decoding=\"async\" width=\"2560\" height=\"288\" src=\"https:\/\/graficamello.com.br\/wp-content\/uploads\/2024\/09\/cartao-de-visita-amilton-2024-Copia-scaled.jpg\" class=\"attachment-full size-full wp-image-37\" alt=\"\" srcset=\"https:\/\/graficamello.com.br\/wp-content\/uploads\/2024\/09\/cartao-de-visita-amilton-2024-Copia-scaled.jpg 2560w, https:\/\/graficamello.com.br\/wp-content\/uploads\/2024\/09\/cartao-de-visita-amilton-2024-Copia-300x34.jpg 300w, https:\/\/graficamello.com.br\/wp-content\/uploads\/2024\/09\/cartao-de-visita-amilton-2024-Copia-1024x115.jpg 1024w, https:\/\/graficamello.com.br\/wp-content\/uploads\/2024\/09\/cartao-de-visita-amilton-2024-Copia-768x86.jpg 768w, https:\/\/graficamello.com.br\/wp-content\/uploads\/2024\/09\/cartao-de-visita-amilton-2024-Copia-1536x173.jpg 1536w, https:\/\/graficamello.com.br\/wp-content\/uploads\/2024\/09\/cartao-de-visita-amilton-2024-Copia-2048x230.jpg 2048w\" sizes=\"(max-width: 2560px) 100vw, 2560px\" \/>\t\t\t\t\t\t\t\t\t\t\t\t\t\t\t<\/div>\n\t\t\t\t<\/div>\n\t\t\t\t<\/div>\n\t\t<div class=\"elementor-element elementor-element-364d193 e-flex e-con-boxed wpr-particle-no wpr-jarallax-no wpr-parallax-no wpr-sticky-section-no e-con e-parent\" data-id=\"364d193\" data-element_type=\"container\" data-e-type=\"container\">\n\t\t\t\t\t<div class=\"e-con-inner\">\n\t\t\t\t<div class=\"elementor-element elementor-element-1d241c4 elementor-widget elementor-widget-heading\" data-id=\"1d241c4\" data-element_type=\"widget\" data-e-type=\"widget\" data-widget_type=\"heading.default\">\n\t\t\t\t<div class=\"elementor-widget-container\">\n\t\t\t\t\t<h2 class=\"elementor-heading-title elementor-size-default\">P\u00e1gina em constru\u00e7\u00e3o<\/h2>\t\t\t\t<\/div>\n\t\t\t\t<\/div>\n\t\t\t\t\t<\/div>\n\t\t\t\t<\/div>\n\t\t<div class=\"elementor-element elementor-element-b40b2f8 e-flex e-con-boxed wpr-particle-no wpr-jarallax-no wpr-parallax-no wpr-sticky-section-no e-con e-parent\" data-id=\"b40b2f8\" data-element_type=\"container\" data-e-type=\"container\">\n\t\t\t\t\t<div class=\"e-con-inner\">\n\t\t\t\t<div class=\"elementor-element elementor-element-a459d5a elementor-widget elementor-widget-heading\" data-id=\"a459d5a\" data-element_type=\"widget\" data-e-type=\"widget\" data-widget_type=\"heading.default\">\n\t\t\t\t<div class=\"elementor-widget-container\">\n\t\t\t\t\t<h5 class=\"elementor-heading-title elementor-size-default\">Para or\u00e7amentos entre em contato abaixo.<\/h5>\t\t\t\t<\/div>\n\t\t\t\t<\/div>\n\t\t\t\t\t<\/div>\n\t\t\t\t<\/div>\n\t\t<div class=\"elementor-element elementor-element-48e5980 e-con-full e-flex wpr-particle-no wpr-jarallax-no wpr-parallax-no wpr-sticky-section-no e-con e-parent\" data-id=\"48e5980\" data-element_type=\"container\" data-e-type=\"container\">\n\t\t\t\t<div class=\"elementor-element elementor-element-6aff410 elementor-widget elementor-widget-image\" data-id=\"6aff410\" data-element_type=\"widget\" data-e-type=\"widget\" data-widget_type=\"image.default\">\n\t\t\t\t<div class=\"elementor-widget-container\">\n\t\t\t\t\t\t\t\t\t\t\t\t\t\t\t<img fetchpriority=\"high\" decoding=\"async\" width=\"2560\" height=\"252\" src=\"https:\/\/graficamello.com.br\/wp-content\/uploads\/2024\/09\/background-scaled.jpg\" class=\"attachment-full size-full wp-image-15\" alt=\"\" srcset=\"https:\/\/graficamello.com.br\/wp-content\/uploads\/2024\/09\/background-scaled.jpg 2560w, https:\/\/graficamello.com.br\/wp-content\/uploads\/2024\/09\/background-300x30.jpg 300w, https:\/\/graficamello.com.br\/wp-content\/uploads\/2024\/09\/background-1024x101.jpg 1024w, https:\/\/graficamello.com.br\/wp-content\/uploads\/2024\/09\/background-768x76.jpg 768w, https:\/\/graficamello.com.br\/wp-content\/uploads\/2024\/09\/background-1536x151.jpg 1536w, https:\/\/graficamello.com.br\/wp-content\/uploads\/2024\/09\/background-2048x201.jpg 2048w\" sizes=\"(max-width: 2560px) 100vw, 2560px\" \/>\t\t\t\t\t\t\t\t\t\t\t\t\t\t\t<\/div>\n\t\t\t\t<\/div>\n\t\t\t\t<\/div>\n\t\t\t\t<\/div>\n\t\t","protected":false},"excerpt":{"rendered":"<p>P\u00e1gina em constru\u00e7\u00e3o Para or\u00e7amentos entre em contato abaixo.<\/p>\n","protected":false},"author":1,"featured_media":0,"parent":0,"menu_order":0,"comment_status":"closed","ping_status":"closed","template":"elementor_canvas","meta":{"footnotes":""},"class_list":["post-13","page","type-page","status-publish","hentry"],"_links":{"self":[{"href":"https:\/\/graficamello.com.br\/index.php?rest_route=\/wp\/v2\/pages\/13","targetHints":{"allow":["GET"]}}],"collection":[{"href":"https:\/\/graficamello.com.br\/index.php?rest_route=\/wp\/v2\/pages"}],"about":[{"href":"https:\/\/graficamello.com.br\/index.php?rest_route=\/wp\/v2\/types\/page"}],"author":[{"embeddable":true,"href":"https:\/\/graficamello.com.br\/index.php?rest_route=\/wp\/v2\/users\/1"}],"replies":[{"embeddable":true,"href":"https:\/\/graficamello.com.br\/index.php?rest_route=%2Fwp%2Fv2%2Fcomments&post=13"}],"version-history":[{"count":20,"href":"https:\/\/graficamello.com.br\/index.php?rest_route=\/wp\/v2\/pages\/13\/revisions"}],"predecessor-version":[{"id":40,"href":"https:\/\/graficamello.com.br\/index.php?rest_route=\/wp\/v2\/pages\/13\/revisions\/40"}],"wp:attachment":[{"href":"https:\/\/graficamello.com.br\/index.php?rest_route=%2Fwp%2Fv2%2Fmedia&parent=13"}],"curies":[{"name":"wp","href":"https:\/\/api.w.org\/{rel}","templated":true}]}}